{"id":30,"date":"2019-01-17T14:32:56","date_gmt":"2019-01-17T14:32:56","guid":{"rendered":"http:\/\/zahnarzt-maeurer.de\/?page_id=30"},"modified":"2025-08-19T07:26:25","modified_gmt":"2025-08-19T07:26:25","slug":"zahnarztpraxis-elisa-maeurer","status":"publish","type":"page","link":"https:\/\/zahnarzt-maeurer.de\/","title":{"rendered":"<\/p> <span style=\"color: #94b818;\">Zahnarztpraxis Elisa M\u00e4urer<\/span>"},"content":{"rendered":"<p style=\"text-align: left;\"><span style=\"color: #94b818;\">MSc Kieferorthop\u00e4die<\/span><br \/>\n<span style=\"color: #94b818;\">R\u00f6destra\u00dfe 38<\/span><br \/>\n<span style=\"color: #94b818;\">36466 Dermbach <\/span><\/p>\n<p style=\"text-align: left;\"><span style=\"color: #94b818;\">Tel. 036964 \/ 866246<\/span><\/p>\n<hr \/>\n<p><span style=\"color: #003366;\">Aktuelle Sprechzeiten<\/span><br \/>\n<span style=\"color: #003366;\">Montag 7:30 \u2013 13:00 Uhr\u00a0<\/span><br \/>\n<span style=\"color: #003366;\">Dienstag 7:30 \u2013 16:00 Uhr<\/span><br \/>\n<span style=\"color: #003366;\">Mittwoch 7:30 \u2013 13:00 Uhr<\/span><br \/>\n<span style=\"color: #003366;\">Donnerstag 7:30 \u2013 16:00 Uhr<\/span><br \/>\n<span style=\"color: #003366;\">Freitag 7:30 \u2013 12:00 Uhr<\/span><\/p>\n<hr \/>\n<p style=\"text-align: left;\"><img data-recalc-dims=\"1\" loading=\"lazy\" decoding=\"async\" data-attachment-id=\"370\" data-permalink=\"https:\/\/zahnarzt-maeurer.de\/?attachment_id=370\" data-orig-file=\"https:\/\/i0.wp.com\/zahnarzt-maeurer.de\/wp-content\/uploads\/2023\/08\/Z1v1-1.png?fit=1754%2C1240&amp;ssl=1\" data-orig-size=\"1754,1240\" data-comments-opened=\"1\" data-image-meta=\"{&quot;aperture&quot;:&quot;0&quot;,&quot;credit&quot;:&quot;&quot;,&quot;camera&quot;:&quot;&quot;,&quot;caption&quot;:&quot;&quot;,&quot;created_timestamp&quot;:&quot;0&quot;,&quot;copyright&quot;:&quot;&quot;,&quot;focal_length&quot;:&quot;0&quot;,&quot;iso&quot;:&quot;0&quot;,&quot;shutter_speed&quot;:&quot;0&quot;,&quot;title&quot;:&quot;&quot;,&quot;orientation&quot;:&quot;0&quot;}\" data-image-title=\"Z1v1\" data-image-description=\"\" data-image-caption=\"\" data-large-file=\"https:\/\/i0.wp.com\/zahnarzt-maeurer.de\/wp-content\/uploads\/2023\/08\/Z1v1-1.png?fit=660%2C467&amp;ssl=1\" class=\"alignnone size-large wp-image-370\" src=\"https:\/\/i0.wp.com\/zahnarzt-maeurer.de\/wp-content\/uploads\/2023\/08\/Z1v1-1.png?resize=660%2C467\" alt=\"\" width=\"660\" height=\"467\" srcset=\"https:\/\/i0.wp.com\/zahnarzt-maeurer.de\/wp-content\/uploads\/2023\/08\/Z1v1-1.png?resize=1024%2C724&amp;ssl=1 1024w, https:\/\/i0.wp.com\/zahnarzt-maeurer.de\/wp-content\/uploads\/2023\/08\/Z1v1-1.png?resize=300%2C212&amp;ssl=1 300w, https:\/\/i0.wp.com\/zahnarzt-maeurer.de\/wp-content\/uploads\/2023\/08\/Z1v1-1.png?resize=768%2C543&amp;ssl=1 768w, https:\/\/i0.wp.com\/zahnarzt-maeurer.de\/wp-content\/uploads\/2023\/08\/Z1v1-1.png?resize=1536%2C1086&amp;ssl=1 1536w, https:\/\/i0.wp.com\/zahnarzt-maeurer.de\/wp-content\/uploads\/2023\/08\/Z1v1-1.png?w=1754&amp;ssl=1 1754w, https:\/\/i0.wp.com\/zahnarzt-maeurer.de\/wp-content\/uploads\/2023\/08\/Z1v1-1.png?w=1320 1320w\" sizes=\"auto, (max-width: 660px) 100vw, 660px\" \/><\/p>\n<p><iframe loading=\"lazy\" title=\"YouTube video player\" src=\"https:\/\/www.youtube.com\/embed\/5hPFIdabfEg?si=-U3xa6JTU6kmVjeF\" width=\"560\" height=\"315\" frameborder=\"0\" allowfullscreen=\"allowfullscreen\"><\/iframe><\/p>\n","protected":false},"excerpt":{"rendered":"<p>MSc Kieferorthop\u00e4die R\u00f6destra\u00dfe 38 36466 Dermbach Tel. 036964 \/ 866246 Aktuelle Sprechzeiten Montag 7:30 \u2013 13:00 Uhr\u00a0 Dienstag 7:30 \u2013 16:00 Uhr Mittwoch 7:30 \u2013 13:00 Uhr Donnerstag 7:30 \u2013 16:00 Uhr Freitag 7:30 \u2013 12:00 Uhr<\/p>\n","protected":false},"author":1,"featured_media":0,"parent":0,"menu_order":0,"comment_status":"closed","ping_status":"closed","template":"","meta":{"jetpack_post_was_ever_published":false,"footnotes":""},"class_list":["post-30","page","type-page","status-publish","hentry"],"jetpack_shortlink":"https:\/\/wp.me\/PaCXBg-u","jetpack-related-posts":[{"id":46,"url":"https:\/\/zahnarzt-maeurer.de\/?page_id=46","url_meta":{"origin":30,"position":0},"title":"Impressum","author":"praxismaeurer","date":"Januar 17, 2019","format":false,"excerpt":"Pflichtangaben nach dem Telemediengesetz (\u00a75): Zahnarztpraxis Elisa M\u00e4urer MSc Kieferorthop\u00e4die R\u00f6destra\u00dfe 38 36466 Dermbach Tel. 036964 866246 Vertretungsberechtigt: Elisa M\u00e4urer MSc Kieferorthop\u00e4die R\u00f6destra\u00dfe 38 36466 Dermbach \u00a0 Berufsbezeichnung: Zahn\u00e4rztin Verliehen in: Bundesrepublik Deutschland Zust\u00e4ndige Kammer: Landeszahn\u00e4rztekammer Th\u00fcringen K\u00f6rperschaft des \u00f6ffentlichen Rechts Barbarossahof 16 99092 Erfurt Telefon: 0361 7432-0 Telefax: 0361\u2026","rel":"","context":"\u00c4hnlicher Beitrag","block_context":{"text":"\u00c4hnlicher Beitrag","link":""},"img":{"alt_text":"","src":"","width":0,"height":0},"classes":[]}],"jetpack_sharing_enabled":true,"_links":{"self":[{"href":"https:\/\/zahnarzt-maeurer.de\/index.php?rest_route=\/wp\/v2\/pages\/30","targetHints":{"allow":["GET"]}}],"collection":[{"href":"https:\/\/zahnarzt-maeurer.de\/index.php?rest_route=\/wp\/v2\/pages"}],"about":[{"href":"https:\/\/zahnarzt-maeurer.de\/index.php?rest_route=\/wp\/v2\/types\/page"}],"author":[{"embeddable":true,"href":"https:\/\/zahnarzt-maeurer.de\/index.php?rest_route=\/wp\/v2\/users\/1"}],"replies":[{"embeddable":true,"href":"https:\/\/zahnarzt-maeurer.de\/index.php?rest_route=%2Fwp%2Fv2%2Fcomments&post=30"}],"version-history":[{"count":82,"href":"https:\/\/zahnarzt-maeurer.de\/index.php?rest_route=\/wp\/v2\/pages\/30\/revisions"}],"predecessor-version":[{"id":395,"href":"https:\/\/zahnarzt-maeurer.de\/index.php?rest_route=\/wp\/v2\/pages\/30\/revisions\/395"}],"wp:attachment":[{"href":"https:\/\/zahnarzt-maeurer.de\/index.php?rest_route=%2Fwp%2Fv2%2Fmedia&parent=30"}],"curies":[{"name":"wp","href":"https:\/\/api.w.org\/{rel}","templated":true}]}}