{"id":46,"date":"2019-01-17T14:51:45","date_gmt":"2019-01-17T14:51:45","guid":{"rendered":"http:\/\/zahnarzt-maeurer.de\/?page_id=46"},"modified":"2023-03-20T10:42:10","modified_gmt":"2023-03-20T10:42:10","slug":"kontakt","status":"publish","type":"page","link":"https:\/\/zahnarzt-maeurer.de\/?page_id=46","title":{"rendered":"Impressum"},"content":{"rendered":"<p><span style=\"color: #000000;\">Pflichtangaben nach dem Telemediengesetz (\u00a75):<\/span><br \/>\n<span style=\"color: #000000;\">Zahnarztpraxis<\/span><br \/>\n<span style=\"color: #000000;\">Elisa M\u00e4urer<\/span><br \/>\n<span style=\"color: #000000;\">MSc Kieferorthop\u00e4die<\/span><br \/>\n<span style=\"color: #000000;\">R\u00f6destra\u00dfe 38<\/span><br \/>\n<span style=\"color: #000000;\">36466 Dermbach <\/span><br \/>\n<span style=\"color: #000000;\">Tel. 036964 866246<\/span><\/p>\n<p><span style=\"color: #000000;\">Vertretungsberechtigt:<\/span><br \/>\n<span style=\"color: #000000;\">Elisa M\u00e4urer<\/span><br \/>\n<span style=\"color: #000000;\">MSc Kieferorthop\u00e4die<\/span><br \/>\n<span style=\"color: #000000;\">R\u00f6destra\u00dfe 38<\/span><br \/>\n<span style=\"color: #000000;\">36466 Dermbach<\/span><\/p>\n<p>&nbsp;<\/p>\n<p><span style=\"color: #000000;\">Berufsbezeichnung:<\/span><br \/>\n<span style=\"color: #000000;\">Zahn\u00e4rztin<\/span><\/p>\n<p><span style=\"color: #000000;\">Verliehen in:<\/span><br \/>\n<span style=\"color: #000000;\">Bundesrepublik Deutschland<\/span><\/p>\n<p><span style=\"color: #000000;\">Zust\u00e4ndige Kammer:<\/span><br \/>\n<span style=\"color: #000000;\">Landeszahn\u00e4rztekammer Th\u00fcringen<\/span><br \/>\n<span style=\"color: #000000;\">K\u00f6rperschaft des \u00f6ffentlichen Rechts<\/span><br \/>\n<span style=\"color: #000000;\">Barbarossahof 16<\/span><br \/>\n<span style=\"color: #000000;\">99092 Erfurt<\/span><br \/>\n<span style=\"color: #000000;\">Telefon: 0361 7432-0<\/span><br \/>\n<span style=\"color: #000000;\">Telefax: 0361 7432-150<\/span><br \/>\n<span style=\"color: #000000;\">Internet: www.lzkth.de<\/span><\/p>\n<p><span style=\"color: #000000;\">Zust\u00e4ndige Aufsichtsbeh\u00f6rden:<\/span><br \/>\n<span style=\"color: #000000;\">Th\u00fcringer Ministerium f\u00fcr Arbeit, Soziales, Gesundheit,<\/span><br \/>\n<span style=\"color: #000000;\">Frauen und Familie<\/span><br \/>\n<span style=\"color: #000000;\">Werner-Seelenbinder-Stra\u00dfe 6<\/span><br \/>\n<span style=\"color: #000000;\">99096 Erfurt<\/span><\/p>\n<p><span style=\"color: #000000;\">Landeszahn\u00e4rztekammer Th\u00fcringen<\/span><br \/>\n<span style=\"color: #000000;\">K\u00f6rperschaft des \u00f6ffentlichen Rechts<\/span><br \/>\n<span style=\"color: #000000;\">Barbarossahof 16<\/span><br \/>\n<span style=\"color: #000000;\">99092 Erfurt<\/span><br \/>\n<span style=\"color: #000000;\">Telefon: 0361 7432-0<\/span><br \/>\n<span style=\"color: #000000;\">Telefax: 0361 7432-150<\/span><br \/>\n<span style=\"color: #000000;\">Internet: www.lzkth.de<\/span><\/p>\n<p><span style=\"color: #000000;\">Geltendes Berufsrecht:<\/span><br \/>\n<span style=\"color: #000000;\">\u2013 http:\/\/www.lzkth.de<\/span><br \/>\n<span style=\"color: #000000;\">\u2013 Berufsordnung f\u00fcr Zahn\u00e4rzte in Th\u00fcringen<\/span><br \/>\n<span style=\"color: #000000;\">\u2013 Heilberufsgesetz Land Th\u00fcringen<\/span><\/p>\n<p><span style=\"color: #000000;\">Informationen zur au\u00dfergerichtlichen Streitbeilegung<\/span><\/p>\n<p><span style=\"color: #000000;\">Haftungshinweis:<\/span><br \/>\n<span style=\"color: #000000;\">Trotz sorgf\u00e4ltiger inhaltlicher Kontrolle \u00fcbernehmen wir keine Haftung f\u00fcr die Inhalte externer Links. F\u00fcr den Inhalt der verlinkten Seiten sind ausschlie\u00dflich deren Betreiber verantwortlich.<\/span><\/p>\n<p><span style=\"color: #000000;\">Die Zahnarztpraxis Elisa M\u00e4urer \u00fcbernimmt keine Verantwortung f\u00fcr Inhalte der in dieser Homepage per Hyperlink oder in sonstiger Weise zug\u00e4nglich gemachten (verlinkten) fremden Internetseiten. Die Zahnarztpraxis hat keinerlei Einfluss auf den Inhalt dieser Seiten und kann daher auch nicht f\u00fcr die inhaltliche Korrektheit, Rechtm\u00e4\u00dfigkeit, Vollst\u00e4ndigkeit und Verf\u00fcgbarkeit fremder Inhalte Gew\u00e4hr leisten. F\u00fcr diese Links gilt auch, dass die Zahnarztpraxis ebenso keinen Einfluss auf die Gestaltung fremder Webseiten hat. Wir distanzieren uns daher ausdr\u00fccklich von allen Inhalten der verlinkten fremden Webseiten. S\u00e4mtliche Inhalte, \u00f6ffentliche Meinungen und Tatsachenbehauptungen machen wir uns durch die gesetzten Links ausdr\u00fccklich nicht zu eigen. F\u00fcr illegale, fehlerhafte oder unvollst\u00e4ndige Inhalte sowie f\u00fcr Sch\u00e4den, die aus der Nutzung fremder Informationen entstehen, haftet allein der Anbieter der Seite, auf die verwiesen wurde. Diese Erkl\u00e4rung gilt f\u00fcr alle auf dieser Webseite angegebenen Links.<\/span><\/p>\n","protected":false},"excerpt":{"rendered":"<p>Pflichtangaben nach dem Telemediengesetz (\u00a75): Zahnarztpraxis Elisa M\u00e4urer MSc Kieferorthop\u00e4die R\u00f6destra\u00dfe 38 36466 Dermbach Tel. 036964 866246 Vertretungsberechtigt: Elisa M\u00e4urer MSc Kieferorthop\u00e4die R\u00f6destra\u00dfe 38 36466 Dermbach &nbsp; Berufsbezeichnung: Zahn\u00e4rztin Verliehen in: Bundesrepublik Deutschland Zust\u00e4ndige Kammer: Landeszahn\u00e4rztekammer Th\u00fcringen K\u00f6rperschaft des \u00f6ffentlichen Rechts Barbarossahof 16 99092 Erfurt Telefon: 0361 7432-0 Telefax: 0361 7432-150 Internet: www.lzkth.de Zust\u00e4ndige Aufsichtsbeh\u00f6rden: &hellip; <a href=\"https:\/\/zahnarzt-maeurer.de\/?page_id=46\" class=\"more-link\"><span class=\"screen-reader-text\">Impressum<\/span> weiterlesen<\/a><\/p>\n","protected":false},"author":1,"featured_media":0,"parent":0,"menu_order":0,"comment_status":"closed","ping_status":"closed","template":"","meta":{"footnotes":""},"class_list":["post-46","page","type-page","status-publish","hentry"],"jetpack_shortlink":"https:\/\/wp.me\/PaCXBg-K","jetpack-related-posts":[{"id":30,"url":"https:\/\/zahnarzt-maeurer.de\/","url_meta":{"origin":46,"position":0},"title":"Zahnarztpraxis Elisa M\u00e4urer","author":"praxismaeurer","date":"Januar 17, 2019","format":false,"excerpt":"MSc Kieferorthop\u00e4die R\u00f6destra\u00dfe 38 36466 Dermbach Tel. 036964 \/ 866246 Aktuelle Sprechzeiten Montag 7:30 \u2013 13:00 Uhr\u00a0 Dienstag 7:30 \u2013 16:00 Uhr Mittwoch 7:30 \u2013 13:00 Uhr Donnerstag 7:30 \u2013 16:00 Uhr Freitag 7:30 \u2013 12:00 Uhr","rel":"","context":"\u00c4hnlicher Beitrag","block_context":{"text":"\u00c4hnlicher Beitrag","link":""},"img":{"alt_text":"","src":"https:\/\/i0.wp.com\/zahnarzt-maeurer.de\/wp-content\/uploads\/2023\/08\/Z1v1-1-1024x724.png?resize=350%2C200","width":350,"height":200,"srcset":"https:\/\/i0.wp.com\/zahnarzt-maeurer.de\/wp-content\/uploads\/2023\/08\/Z1v1-1-1024x724.png?resize=350%2C200 1x, https:\/\/i0.wp.com\/zahnarzt-maeurer.de\/wp-content\/uploads\/2023\/08\/Z1v1-1-1024x724.png?resize=525%2C300 1.5x"},"classes":[]}],"jetpack_sharing_enabled":true,"_links":{"self":[{"href":"https:\/\/zahnarzt-maeurer.de\/index.php?rest_route=\/wp\/v2\/pages\/46","targetHints":{"allow":["GET"]}}],"collection":[{"href":"https:\/\/zahnarzt-maeurer.de\/index.php?rest_route=\/wp\/v2\/pages"}],"about":[{"href":"https:\/\/zahnarzt-maeurer.de\/index.php?rest_route=\/wp\/v2\/types\/page"}],"author":[{"embeddable":true,"href":"https:\/\/zahnarzt-maeurer.de\/index.php?rest_route=\/wp\/v2\/users\/1"}],"replies":[{"embeddable":true,"href":"https:\/\/zahnarzt-maeurer.de\/index.php?rest_route=%2Fwp%2Fv2%2Fcomments&post=46"}],"version-history":[{"count":16,"href":"https:\/\/zahnarzt-maeurer.de\/index.php?rest_route=\/wp\/v2\/pages\/46\/revisions"}],"predecessor-version":[{"id":354,"href":"https:\/\/zahnarzt-maeurer.de\/index.php?rest_route=\/wp\/v2\/pages\/46\/revisions\/354"}],"wp:attachment":[{"href":"https:\/\/zahnarzt-maeurer.de\/index.php?rest_route=%2Fwp%2Fv2%2Fmedia&parent=46"}],"curies":[{"name":"wp","href":"https:\/\/api.w.org\/{rel}","templated":true}]}}